{"id":2,"date":"2021-01-15T16:42:48","date_gmt":"2021-01-15T16:42:48","guid":{"rendered":"https:\/\/uzemszunet.metropolitan.hu\/?page_id=2"},"modified":"2022-08-04T08:38:47","modified_gmt":"2022-08-04T08:38:47","slug":"ez-egy-minta-oldal","status":"publish","type":"page","link":"https:\/\/uzemszunet.metropolitan.hu\/","title":{"rendered":""},"content":{"rendered":"<p><span style=\"color: #000000;\"><\/span><\/p>\r\n<p><span style=\"color: #000000;\"><img loading=\"lazy\" decoding=\"async\" class=\" wp-image-39 aligncenter\" src=\"https:\/\/uzemszunet.metropolitan.hu\/wp-content\/uploads\/2021\/01\/logo-copy.png\" alt=\"\" width=\"195\" height=\"195\" srcset=\"https:\/\/uzemszunet.metropolitan.hu\/wp-content\/uploads\/2021\/01\/logo-copy-66x66.png 66w, https:\/\/uzemszunet.metropolitan.hu\/wp-content\/uploads\/2021\/01\/logo-copy-150x150.png 150w, https:\/\/uzemszunet.metropolitan.hu\/wp-content\/uploads\/2021\/01\/logo-copy-200x200.png 200w, https:\/\/uzemszunet.metropolitan.hu\/wp-content\/uploads\/2021\/01\/logo-copy.png 239w\" sizes=\"auto, (max-width: 195px) 100vw, 195px\" \/><\/span><\/p>\r\n<h2 style=\"text-align: center;\"><span style=\"color: #000000;\"><strong>T\u00e1j\u00e9koztat\u00f3 el\u0151re tervezett technikai tev\u00e9kenys\u00e9gr\u0151l (karbantart\u00e1sr\u00f3l) \u00e9s egy\u00fcttm\u0171k\u00f6d\u00e9st korl\u00e1toz\u00f3 vagy akad\u00e1lyoz\u00f3 \u00fczemzavarr\u00f3l .<\/strong><strong>\u00a0<\/strong><\/span><\/h2>\r\n<h3 style=\"text-align: center;\"><span style=\"color: #000000;\">A METU a Szolg\u00e1ltat\u00e1s vagy az elektronikus \u00fcgyint\u00e9z\u00e9s sz\u00fcnetel\u00e9s\u00e9t eredm\u00e9nyez\u0151 &#8211; tervezett vagy nem el\u0151re tervezett technikai tev\u00e9kenys\u00e9gr\u0151l sz\u00f3l\u00f3 t\u00e1j\u00e9koztat\u00e1s tekintet\u00e9ben az 2015. \u00e9vi CCXXII. t\u00f6rv\u00e9ny az elektronikus \u00fcgyint\u00e9z\u00e9s \u00e9s a bizalmi szolg\u00e1ltat\u00e1sok \u00e1ltal\u00e1nos szab\u00e1lyair\u00f3l (E-\u00fcgyint\u00e9z\u00e9si tv.) 27. \u00a7 \u00e9s a 451\/2016. (XII. 19.) Korm. rendelet az elektronikus \u00fcgyint\u00e9z\u00e9s r\u00e9szletszab\u00e1lyair\u00f3l (E\u00fcvhr.) 53. \u00a7 szerint j\u00e1r el.<\/span><\/h3>\r\n<h3 style=\"text-align: center;\"><span style=\"color: #000000;\">Az egy\u00fcttm\u0171k\u00f6d\u0151 szerv minden olyan el\u0151re tervezett\u00a0technikai tev\u00e9kenys\u00e9gr\u0151l k\u00f6teles az egy\u00fcttm\u0171k\u00f6d\u0151 szerveket \u00e9s a Fel\u00fcgyeletet legal\u00e1bb 5 nappal el\u0151bb t\u00e1j\u00e9koztatni, amely az informatikai egy\u00fcttm\u0171k\u00f6d\u00e9s korl\u00e1toz\u00e1s\u00e1t vagy akad\u00e1lyoz\u00e1s\u00e1t eredm\u00e9nyezi [E-\u00fcgyint\u00e9z\u00e9si tv. 56. \u00a7 (2) bekezd\u00e9s].<\/span><\/h3>\r\n<h3 style=\"text-align: center;\"><span style=\"color: #000000;\">Az informatikai egy\u00fcttm\u0171k\u00f6d\u00e9st korl\u00e1toz\u00f3 vagy akad\u00e1lyoz\u00f3 \u00fczemzavart\u00a0az egy\u00fcttm\u0171k\u00f6d\u0151 szerveknek halad\u00e9ktalanul jelezni kell, azt halad\u00e9ktalanul el kell h\u00e1r\u00edtani, \u00e9s az egy\u00fcttm\u0171k\u00f6d\u0151 szervek r\u00e9sz\u00e9re a m\u00e1s \u00faton t\u00f6rt\u00e9n\u0151 egy\u00fcttm\u0171k\u00f6d\u00e9s lehet\u0151s\u00e9geit, egyidej\u0171 t\u00e1j\u00e9koztat\u00e1suk mellett biztos\u00edtani kell [E-\u00fcgyint\u00e9z\u00e9si tv. 56. \u00a7 (3) bekezd\u00e9s].<\/span><\/h3>\r\n<h2 style=\"text-align: center;\"><span style=\"color: #000000;\"><strong>Tervezett, v\u00e1rhat\u00f3 \u00fczemsz\u00fcnetek:<\/strong><\/span><\/h2>\r\n<p style=\"text-align: center;\"><span style=\"color: #000000;\"><div id=\"footable_parent_31\"\n         class=\" footable_parent ninja_table_wrapper loading_ninja_table wp_table_data_press_parent semantic_ui \">\n                <table data-ninja_table_instance=\"ninja_table_instance_0\" data-footable_id=\"31\" data-filter-delay=\"1000\" aria-label=\"\u00dcZEMSZ\u00dcNET\"            id=\"footable_31\"\n           data-unique_identifier=\"ninja_table_unique_id_274450673_31\"\n           class=\" foo-table ninja_footable foo_table_31 ninja_table_unique_id_274450673_31 ui table  nt_type_ajax_table selectable striped vertical_centered  footable-paging-right ninja_table_search_disabled\">\n                <colgroup>\n                            <col class=\"ninja_column_0 \">\n                            <col class=\"ninja_column_1 \">\n                            <col class=\"ninja_column_2 \">\n                            <col class=\"ninja_column_3 \">\n                    <\/colgroup>\n            <\/table>\n    \n    \n    \n<\/div>\n<\/span><\/p>\r\n<h2 style=\"text-align: center;\"><span style=\"color: #000000;\"><strong>Kor\u00e1bbi \u00fczemsz\u00fcnetek:<\/strong><\/span><\/h2>\r\n<p style=\"text-align: center;\"><span style=\"color: #000000;\"><div id=\"footable_parent_33\"\n         class=\" footable_parent ninja_table_wrapper loading_ninja_table wp_table_data_press_parent semantic_ui \">\n                <table data-ninja_table_instance=\"ninja_table_instance_1\" data-footable_id=\"33\" data-filter-delay=\"1000\" aria-label=\"\u00dcZEMSZ\u00dcNET( Duplicate )\"            id=\"footable_33\"\n           data-unique_identifier=\"ninja_table_unique_id_214507317_33\"\n           class=\" foo-table ninja_footable foo_table_33 ninja_table_unique_id_214507317_33 ui table  nt_type_ajax_table selectable striped vertical_centered  footable-paging-right ninja_table_search_disabled\">\n                <colgroup>\n                            <col class=\"ninja_column_0 \">\n                            <col class=\"ninja_column_1 \">\n                            <col class=\"ninja_column_2 \">\n                            <col class=\"ninja_column_3 \">\n                    <\/colgroup>\n            <\/table>\n    \n    \n    \n<\/div>\n<\/span><\/p>\r\n<h3 style=\"text-align: center;\"><span style=\"color: #000000;\"><strong>Az \u00fczemsz\u00fcnetre vonatkoz\u00f3 inform\u00e1ci\u00f3 1 \u00e9ven kereszt\u00fcl megjelenik ezen a weboldalon.<br \/><img loading=\"lazy\" decoding=\"async\" class=\"alignnone  wp-image-53\" src=\"https:\/\/uzemszunet.metropolitan.hu\/wp-content\/uploads\/2021\/01\/black-line-png-just-pink-about-it-black-line-png-900_150.png\" alt=\"\" width=\"438\" height=\"73\" srcset=\"https:\/\/uzemszunet.metropolitan.hu\/wp-content\/uploads\/2021\/01\/black-line-png-just-pink-about-it-black-line-png-900_150-200x33.png 200w, https:\/\/uzemszunet.metropolitan.hu\/wp-content\/uploads\/2021\/01\/black-line-png-just-pink-about-it-black-line-png-900_150-300x50.png 300w, https:\/\/uzemszunet.metropolitan.hu\/wp-content\/uploads\/2021\/01\/black-line-png-just-pink-about-it-black-line-png-900_150-400x67.png 400w, https:\/\/uzemszunet.metropolitan.hu\/wp-content\/uploads\/2021\/01\/black-line-png-just-pink-about-it-black-line-png-900_150-600x100.png 600w, https:\/\/uzemszunet.metropolitan.hu\/wp-content\/uploads\/2021\/01\/black-line-png-just-pink-about-it-black-line-png-900_150-768x128.png 768w, https:\/\/uzemszunet.metropolitan.hu\/wp-content\/uploads\/2021\/01\/black-line-png-just-pink-about-it-black-line-png-900_150-800x133.png 800w, https:\/\/uzemszunet.metropolitan.hu\/wp-content\/uploads\/2021\/01\/black-line-png-just-pink-about-it-black-line-png-900_150.png 900w\" sizes=\"auto, (max-width: 438px) 100vw, 438px\" \/><br \/><\/strong><\/span><\/h3>\r\n<h3 style=\"text-align: center;\"><span style=\"color: #000000;\"><strong>Az \u00fczemsz\u00fcnet eset\u00e9n az egy\u00fcttm\u0171k\u00f6d\u0151 szervek a METU al\u00e1bbi k\u00f6zponti el\u00e9rhet\u0151s\u00e9gein kereszt\u00fcl fordulhatnak tov\u00e1bbi t\u00e1j\u00e9koztat\u00e1s\u00e9rt munkaid\u0151ben.<\/strong><\/span><br \/><span style=\"color: #000000;\"><strong>El\u00e9rhet\u0151s\u00e9gek:<\/strong><\/span><br \/><span style=\"color: #000000;\"><strong>K\u00f6zponti telefonsz\u00e1m: +36 1 273 3090<\/strong><\/span><br \/><span style=\"color: #000000;\"><strong>K\u00f6zponti email: <a style=\"color: #000000;\" href=\"mailto:mail@metropolitan.hu\">mail@metropolitan.hu<\/a> <\/strong><\/span><br \/><span style=\"color: #000000;\"><strong>K\u00e9rj\u00fck, szem\u00e9lyes adatnak min\u0151s\u00fcl\u0151 inform\u00e1ci\u00f3t kiz\u00e1r\u00f3lag egyedi e-mail c\u00edmre k\u00fcldj\u00f6n<\/strong><\/span><\/h3>\r\n<p><span style=\"color: #000000;\"><\/span><\/p>","protected":false},"excerpt":{"rendered":"<p>T\u00e1j\u00e9koztat\u00f3 el\u0151re tervezett technikai tev\u00e9kenys\u00e9gr\u0151l (karbantart\u00e1sr\u00f3l) \u00e9s egy\u00fcttm\u0171k\u00f6d\u00e9st korl\u00e1toz\u00f3 vagy [&hellip;]<\/p>\n","protected":false},"author":1,"featured_media":0,"parent":0,"menu_order":0,"comment_status":"closed","ping_status":"closed","template":"","meta":{"footnotes":""},"class_list":["post-2","page","type-page","status-publish","hentry"],"_links":{"self":[{"href":"https:\/\/uzemszunet.metropolitan.hu\/index.php?rest_route=\/wp\/v2\/pages\/2","targetHints":{"allow":["GET"]}}],"collection":[{"href":"https:\/\/uzemszunet.metropolitan.hu\/index.php?rest_route=\/wp\/v2\/pages"}],"about":[{"href":"https:\/\/uzemszunet.metropolitan.hu\/index.php?rest_route=\/wp\/v2\/types\/page"}],"author":[{"embeddable":true,"href":"https:\/\/uzemszunet.metropolitan.hu\/index.php?rest_route=\/wp\/v2\/users\/1"}],"replies":[{"embeddable":true,"href":"https:\/\/uzemszunet.metropolitan.hu\/index.php?rest_route=%2Fwp%2Fv2%2Fcomments&post=2"}],"version-history":[{"count":38,"href":"https:\/\/uzemszunet.metropolitan.hu\/index.php?rest_route=\/wp\/v2\/pages\/2\/revisions"}],"predecessor-version":[{"id":83,"href":"https:\/\/uzemszunet.metropolitan.hu\/index.php?rest_route=\/wp\/v2\/pages\/2\/revisions\/83"}],"wp:attachment":[{"href":"https:\/\/uzemszunet.metropolitan.hu\/index.php?rest_route=%2Fwp%2Fv2%2Fmedia&parent=2"}],"curies":[{"name":"wp","href":"https:\/\/api.w.org\/{rel}","templated":true}]}}